{"id":99977,"date":"2021-06-09T13:48:31","date_gmt":"2021-06-09T11:48:31","guid":{"rendered":"https:\/\/www.art-lapetitegalerie.fr\/?post_type=product&#038;p=99977"},"modified":"2025-12-29T15:17:02","modified_gmt":"2025-12-29T14:17:02","slug":"la-totomobile","status":"publish","type":"product","link":"https:\/\/www.art-lapetitegalerie.fr\/en\/product\/la-totomobile\/","title":{"rendered":"La totomobile"},"content":{"rendered":"<p><span class=\"Apple-converted-space\">Cette oeuvre unique et originale est une cr\u00e9ation de l&#8217;artiste David Ferreira, artiste pop art Fran\u00e7ais.\u00a0La sculpture est en plexiglas et peinte \u00e0 la main. Chaque face de l&#8217;oeuvre a un dessin diff\u00e9rent et des couleurs uniques.<\/span><\/p>\n<p>Les dimensions de la &#8220;totomobile&#8221; sont de 57 x 32 x 12 cm.<\/p>\n<p><span class=\"Apple-converted-space\">L&#8217;oeuvre est sign\u00e9e et livr\u00e9e avec un certificat d&#8217;authenticit\u00e9.\u00a0Toutes nos oeuvres originales sont exp\u00e9di\u00e9es en France et dans le monde entier dans des caisses en bois par transporteur sp\u00e9cialis\u00e9.\u00a0<\/span><\/p>\n","protected":false},"excerpt":{"rendered":"<p><span class=\"Apple-converted-space\">Oeuvre originale sur plexiglas de l&#8217;artiste David Ferreira.<\/span><\/p>\n<p>Les Dimensions de La ToTomobile sont de 57 x 32 x 12 cm<\/p>\n<p>Livr\u00e9e avec son certificat d&#8217;authenticit\u00e9.<\/p>\n<p>Vous aussi, succombez \u00e0 son univers compl\u00e8tement Toto !<\/p>\n","protected":false},"featured_media":99889,"template":"","meta":[],"product_cat":[160],"product_tag":[],"class_list":["post-99977","product","type-product","status-publish","has-post-thumbnail","hentry","product_cat-sculptures","product_brand-david-ferreira"],"_links":{"self":[{"href":"https:\/\/www.art-lapetitegalerie.fr\/en\/wp-json\/wp\/v2\/product\/99977","targetHints":{"allow":["GET"]}}],"collection":[{"href":"https:\/\/www.art-lapetitegalerie.fr\/en\/wp-json\/wp\/v2\/product"}],"about":[{"href":"https:\/\/www.art-lapetitegalerie.fr\/en\/wp-json\/wp\/v2\/types\/product"}],"wp:featuredmedia":[{"embeddable":true,"href":"https:\/\/www.art-lapetitegalerie.fr\/en\/wp-json\/wp\/v2\/media\/99889"}],"wp:attachment":[{"href":"https:\/\/www.art-lapetitegalerie.fr\/en\/wp-json\/wp\/v2\/media?parent=99977"}],"wp:term":[{"taxonomy":"product_cat","embeddable":true,"href":"https:\/\/www.art-lapetitegalerie.fr\/en\/wp-json\/wp\/v2\/product_cat?post=99977"},{"taxonomy":"product_tag","embeddable":true,"href":"https:\/\/www.art-lapetitegalerie.fr\/en\/wp-json\/wp\/v2\/product_tag?post=99977"}],"curies":[{"name":"wp","href":"https:\/\/api.w.org\/{rel}","templated":true}]}}