{"id":101759,"date":"2022-11-10T15:43:06","date_gmt":"2022-11-10T14:43:06","guid":{"rendered":"https:\/\/www.art-lapetitegalerie.fr\/?post_type=product&#038;p=101759"},"modified":"2022-11-10T15:45:46","modified_gmt":"2022-11-10T14:45:46","slug":"mondello-palerme","status":"publish","type":"product","link":"https:\/\/www.art-lapetitegalerie.fr\/en\/product\/mondello-palerme\/","title":{"rendered":"Mondello Palerme"},"content":{"rendered":"<p><span class=\"Apple-converted-space\">Cette oeuvre unique et originale est une cr\u00e9ation de l&#8217;artiste Oreli, artiste plasticienne Fran\u00e7aise.\u00a0<\/span><\/p>\n<p><span class=\"Apple-converted-space\">Le tableau est un grand format qui mesure 80 x 80 cm. <\/span><\/p>\n<p><span class=\"Apple-converted-space\">Les couleurs sont incroyables gr\u00e2ce aux m\u00e9langes de r\u00e9sines et de pigments qui donnent lumi\u00e8re, \u00e9clats et transparences \u00e0 l&#8217;oeuvre.\u00a0<\/span><\/p>\n<p><span class=\"Apple-converted-space\">Le tableau est sign\u00e9 et livr\u00e9 avec un certificat d&#8217;authenticit\u00e9.\u00a0<\/span><\/p>\n<p><span class=\"Apple-converted-space\">Toutes nos oeuvres originales sont exp\u00e9di\u00e9es en France et dans le monde entier dans des caisses en bois par transporteur sp\u00e9cialis\u00e9.\u00a0<\/span><\/p>\n","protected":false},"excerpt":{"rendered":"<p>Cette oeuvre unique et originale est une cr\u00e9ation de l&#8217;artiste Oreli, artiste plasticienne Fran\u00e7aise.\u00a0 Le tableau est un grand format qui mesure 80 x 80 cm. Les couleurs sont incroyables gr\u00e2ce aux m\u00e9langes de r\u00e9sines et de pigments qui donnent lumi\u00e8re, \u00e9clats et transparences \u00e0 l&#8217;oeuvre.\u00a0 Le tableau est sign\u00e9 et livr\u00e9 avec un certificat d&#8217;authenticit\u00e9.\u00a0 Toutes nos oeuvres originales sont exp\u00e9di\u00e9es en France et dans le monde entier dans des caisses en bois par transporteur sp\u00e9cialis\u00e9.\u00a0<\/p>\n","protected":false},"featured_media":0,"template":"","meta":[],"product_cat":[187],"product_tag":[],"class_list":["post-101759","product","type-product","status-publish","hentry","product_cat-paintings","product_brand-oreli"],"_links":{"self":[{"href":"https:\/\/www.art-lapetitegalerie.fr\/en\/wp-json\/wp\/v2\/product\/101759","targetHints":{"allow":["GET"]}}],"collection":[{"href":"https:\/\/www.art-lapetitegalerie.fr\/en\/wp-json\/wp\/v2\/product"}],"about":[{"href":"https:\/\/www.art-lapetitegalerie.fr\/en\/wp-json\/wp\/v2\/types\/product"}],"wp:attachment":[{"href":"https:\/\/www.art-lapetitegalerie.fr\/en\/wp-json\/wp\/v2\/media?parent=101759"}],"wp:term":[{"taxonomy":"product_cat","embeddable":true,"href":"https:\/\/www.art-lapetitegalerie.fr\/en\/wp-json\/wp\/v2\/product_cat?post=101759"},{"taxonomy":"product_tag","embeddable":true,"href":"https:\/\/www.art-lapetitegalerie.fr\/en\/wp-json\/wp\/v2\/product_tag?post=101759"}],"curies":[{"name":"wp","href":"https:\/\/api.w.org\/{rel}","templated":true}]}}