{"id":101293,"date":"2022-02-21T13:56:12","date_gmt":"2022-02-21T12:56:12","guid":{"rendered":"https:\/\/www.art-lapetitegalerie.fr\/?post_type=product&#038;p=101293"},"modified":"2025-12-29T15:05:33","modified_gmt":"2025-12-29T14:05:33","slug":"mickey-welcome-chrome-2","status":"publish","type":"product","link":"https:\/\/www.art-lapetitegalerie.fr\/en\/product\/mickey-welcome-chrome-2\/","title":{"rendered":"Mickey Welcome Chrome"},"content":{"rendered":"<p><span class=\"Apple-converted-space\">Oeuvre sympa et d\u00e9cal\u00e9e de l&#8217;atelier officiel Fran\u00e7ais Leblon Delienne.<\/span><\/p>\n<p><span class=\"Apple-converted-space\">Nous saluons le caract\u00e8re soign\u00e9e et le soucis du d\u00e9tail pour chaque sculpture, qu&#8217;elle soit petite ou grande.<\/span><\/p>\n<p>Dimensions des figurines: environ 30 cm de hauteur<\/p>\n<p><span class=\"Apple-converted-space\">Toutes nos sculptures sont exp\u00e9di\u00e9es en France et dans le monde entier par transporteur sp\u00e9cialis\u00e9.\u00a0<\/span><\/p>\n<p>&nbsp;<\/p>\n","protected":false},"excerpt":{"rendered":"<p><span class=\"Apple-converted-space\">Oeuvre sympa et d\u00e9cal\u00e9e de l&#8217;atelier officiel Fran\u00e7ais Leblon Delienne.<\/span><\/p>\n<p><span class=\"Apple-converted-space\">Nous saluons le caract\u00e8re soign\u00e9e et le soucis du d\u00e9tail pour chaque sculpture, qu&#8217;elle soit petite ou grande.<\/span><\/p>\n<p>Dimensions des figurines: environ 30 cm de hauteur<\/p>\n<p><span class=\"Apple-converted-space\">Toutes nos sculptures sont exp\u00e9di\u00e9es en France et dans le monde entier par transporteur sp\u00e9cialis\u00e9.\u00a0<\/span><\/p>\n<p>&nbsp;<\/p>\n<p>&nbsp;<\/p>\n","protected":false},"featured_media":101287,"template":"","meta":[],"product_cat":[160],"product_tag":[],"class_list":["post-101293","product","type-product","status-publish","has-post-thumbnail","hentry","product_cat-sculptures","product_brand-leblon-delienne"],"_links":{"self":[{"href":"https:\/\/www.art-lapetitegalerie.fr\/en\/wp-json\/wp\/v2\/product\/101293","targetHints":{"allow":["GET"]}}],"collection":[{"href":"https:\/\/www.art-lapetitegalerie.fr\/en\/wp-json\/wp\/v2\/product"}],"about":[{"href":"https:\/\/www.art-lapetitegalerie.fr\/en\/wp-json\/wp\/v2\/types\/product"}],"wp:featuredmedia":[{"embeddable":true,"href":"https:\/\/www.art-lapetitegalerie.fr\/en\/wp-json\/wp\/v2\/media\/101287"}],"wp:attachment":[{"href":"https:\/\/www.art-lapetitegalerie.fr\/en\/wp-json\/wp\/v2\/media?parent=101293"}],"wp:term":[{"taxonomy":"product_cat","embeddable":true,"href":"https:\/\/www.art-lapetitegalerie.fr\/en\/wp-json\/wp\/v2\/product_cat?post=101293"},{"taxonomy":"product_tag","embeddable":true,"href":"https:\/\/www.art-lapetitegalerie.fr\/en\/wp-json\/wp\/v2\/product_tag?post=101293"}],"curies":[{"name":"wp","href":"https:\/\/api.w.org\/{rel}","templated":true}]}}