{"id":101257,"date":"2022-02-17T15:08:08","date_gmt":"2022-02-17T14:08:08","guid":{"rendered":"https:\/\/www.art-lapetitegalerie.fr\/?post_type=product&#038;p=101257"},"modified":"2025-12-29T15:06:59","modified_gmt":"2025-12-29T14:06:59","slug":"bird-xl","status":"publish","type":"product","link":"https:\/\/www.art-lapetitegalerie.fr\/en\/product\/bird-xl\/","title":{"rendered":"Bird XL"},"content":{"rendered":"<p><span class=\"Apple-converted-space\">Oeuvre sympa et d\u00e9cal\u00e9e de notre artiste Hollandaise Jacqueline Sch\u00e4fer. <\/span><\/p>\n<p><span class=\"Apple-converted-space\">Toutes ses sculptures sont num\u00e9rot\u00e9es et sign\u00e9es. <\/span><\/p>\n<p><span class=\"Apple-converted-space\">Nous saluons la grande diversit\u00e9 de sa collection et les\u00a0magnifiques couleurs utilis\u00e9es. <\/span><\/p>\n<p><span class=\"Apple-converted-space\">Les grands mod\u00e8les sont limit\u00e9s et num\u00e9rot\u00e9s 50 pcs<\/span><\/p>\n<p>Dimensions du grand Bird en r\u00e9sine &#8211; \u00a050 x 50 x 15 cm<\/p>\n<p><span class=\"Apple-converted-space\">Toutes nos sculptures sont exp\u00e9di\u00e9es en France et dans le monde entier par transporteur sp\u00e9cialis\u00e9.\u00a0<\/span><\/p>\n<p>&nbsp;<\/p>\n","protected":false},"excerpt":{"rendered":"<p><span class=\"Apple-converted-space\">Oeuvre sympa et d\u00e9cal\u00e9e de notre artiste Hollandaise Jacqueline Sch\u00e4fer. <\/span><\/p>\n<p><span class=\"Apple-converted-space\">Toutes ses sculptures sont num\u00e9rot\u00e9es et sign\u00e9es. <\/span><\/p>\n<p><span class=\"Apple-converted-space\">Nous saluons la grande diversit\u00e9 de sa collection et les\u00a0magnifiques couleurs utilis\u00e9es. <\/span><\/p>\n<p><span class=\"Apple-converted-space\">Les grands mod\u00e8les sont limit\u00e9s et num\u00e9rot\u00e9s 50 pcs<\/span><\/p>\n<p>Dimensions du grand Bird en r\u00e9sine &#8211; \u00a050 x 50 x 15 cm<\/p>\n<p><span class=\"Apple-converted-space\">Toutes nos sculptures sont exp\u00e9di\u00e9es en France et dans le monde entier par transporteur sp\u00e9cialis\u00e9.\u00a0<\/span><\/p>\n<p>&nbsp;<\/p>\n","protected":false},"featured_media":101193,"template":"","meta":[],"product_cat":[160,185],"product_tag":[],"class_list":["post-101257","product","type-product","status-publish","has-post-thumbnail","hentry","product_cat-sculptures","product_cat-sculptures-en-series-limitees","product_brand-jacqueline-schafer"],"_links":{"self":[{"href":"https:\/\/www.art-lapetitegalerie.fr\/en\/wp-json\/wp\/v2\/product\/101257","targetHints":{"allow":["GET"]}}],"collection":[{"href":"https:\/\/www.art-lapetitegalerie.fr\/en\/wp-json\/wp\/v2\/product"}],"about":[{"href":"https:\/\/www.art-lapetitegalerie.fr\/en\/wp-json\/wp\/v2\/types\/product"}],"wp:featuredmedia":[{"embeddable":true,"href":"https:\/\/www.art-lapetitegalerie.fr\/en\/wp-json\/wp\/v2\/media\/101193"}],"wp:attachment":[{"href":"https:\/\/www.art-lapetitegalerie.fr\/en\/wp-json\/wp\/v2\/media?parent=101257"}],"wp:term":[{"taxonomy":"product_cat","embeddable":true,"href":"https:\/\/www.art-lapetitegalerie.fr\/en\/wp-json\/wp\/v2\/product_cat?post=101257"},{"taxonomy":"product_tag","embeddable":true,"href":"https:\/\/www.art-lapetitegalerie.fr\/en\/wp-json\/wp\/v2\/product_tag?post=101257"}],"curies":[{"name":"wp","href":"https:\/\/api.w.org\/{rel}","templated":true}]}}