{"id":101052,"date":"2022-02-14T15:41:41","date_gmt":"2022-02-14T14:41:41","guid":{"rendered":"https:\/\/www.art-lapetitegalerie.fr\/?post_type=product&#038;p=101052"},"modified":"2025-12-29T15:10:00","modified_gmt":"2025-12-29T14:10:00","slug":"miam-miam","status":"publish","type":"product","link":"https:\/\/www.art-lapetitegalerie.fr\/en\/product\/miam-miam\/","title":{"rendered":"Miam Miam"},"content":{"rendered":"<p><span class=\"Apple-converted-space\">Cette oeuvre unique et originale est une cr\u00e9ation de l&#8217;artiste David Ferreira, artiste pop art Fran\u00e7ais.\u00a0Le tableau est un grand format qui mesure 100 x 100 cm. <\/span><\/p>\n<p><span class=\"Apple-converted-space\">Les couleurs sont brillantes et tr\u00e8s festives. Gr\u00e2ce \u00e0 son double support, toile et plexiglas, les couleurs de l&#8217;artiste sont vibrantes, vives et transparentes \u00e0 la fois.\u00a0<\/span><\/p>\n<p><span class=\"Apple-converted-space\">Le tableau est sign\u00e9 et livr\u00e9 avec un certificat d&#8217;authenticit\u00e9.\u00a0Toutes nos oeuvres originales sont exp\u00e9di\u00e9es en France et dans le monde entier dans des caisses en bois par transporteur sp\u00e9cialis\u00e9.\u00a0<\/span><\/p>\n","protected":false},"excerpt":{"rendered":"<p><span class=\"Apple-converted-space\">Oeuvre originale 100 x 100 cm de l&#8217;artiste David Ferreira.<\/span><\/p>\n<p>Faites le plein d&#8217;\u00e9nergie avec l&#8217;univers color\u00e9 et d\u00e9cal\u00e9 de cet artiste.<\/p>\n<p>Exp\u00e9dition dans le monde entier par transporteur sp\u00e9cialis\u00e9.<\/p>\n","protected":false},"featured_media":101053,"template":"","meta":[],"product_cat":[117],"product_tag":[],"class_list":["post-101052","product","type-product","status-publish","has-post-thumbnail","hentry","product_cat-tableaux","product_brand-david-ferreira"],"_links":{"self":[{"href":"https:\/\/www.art-lapetitegalerie.fr\/en\/wp-json\/wp\/v2\/product\/101052","targetHints":{"allow":["GET"]}}],"collection":[{"href":"https:\/\/www.art-lapetitegalerie.fr\/en\/wp-json\/wp\/v2\/product"}],"about":[{"href":"https:\/\/www.art-lapetitegalerie.fr\/en\/wp-json\/wp\/v2\/types\/product"}],"wp:featuredmedia":[{"embeddable":true,"href":"https:\/\/www.art-lapetitegalerie.fr\/en\/wp-json\/wp\/v2\/media\/101053"}],"wp:attachment":[{"href":"https:\/\/www.art-lapetitegalerie.fr\/en\/wp-json\/wp\/v2\/media?parent=101052"}],"wp:term":[{"taxonomy":"product_cat","embeddable":true,"href":"https:\/\/www.art-lapetitegalerie.fr\/en\/wp-json\/wp\/v2\/product_cat?post=101052"},{"taxonomy":"product_tag","embeddable":true,"href":"https:\/\/www.art-lapetitegalerie.fr\/en\/wp-json\/wp\/v2\/product_tag?post=101052"}],"curies":[{"name":"wp","href":"https:\/\/api.w.org\/{rel}","templated":true}]}}