{"id":100333,"date":"2021-06-12T12:44:07","date_gmt":"2021-06-12T10:44:07","guid":{"rendered":"https:\/\/www.art-lapetitegalerie.fr\/?post_type=product&#038;p=100333"},"modified":"2025-12-29T15:10:13","modified_gmt":"2025-12-29T14:10:13","slug":"mobile-a-suspendre-noir","status":"publish","type":"product","link":"https:\/\/www.art-lapetitegalerie.fr\/en\/product\/mobile-a-suspendre-noir\/","title":{"rendered":"Mobile \u00e0 suspendre Noir"},"content":{"rendered":"<p>Stabile r\u00e9alis\u00e9 par l&#8217;atelier de design Ekko aux Etats Unis.<\/p>\n<p>Dimensions de la pi\u00e8ce &#8211; 39 x 60 x 25 cm<\/p>\n<p>Tr\u00e8s bonne qualit\u00e9 des mat\u00e9riaux. Livr\u00e9 dans sa bo\u00eete de protection par transporteur en France et dans le monde entier.<\/p>\n","protected":false},"excerpt":{"rendered":"<p>Stabile r\u00e9alis\u00e9 par l&#8217;atelier de design Ekko aux Etats Unis.<\/p>\n<p>Dimensions de la pi\u00e8ce &#8211; 39 x 60 x 25 cm<\/p>\n<p>Tr\u00e8s bonne qualit\u00e9 des mat\u00e9riaux. Livr\u00e9 dans sa bo\u00eete de protection par transporteur en France et dans le monde entier.<\/p>\n<p>&nbsp;<\/p>\n","protected":false},"featured_media":100334,"template":"","meta":[],"product_cat":[158,160],"product_tag":[],"class_list":["post-100333","product","type-product","status-publish","has-post-thumbnail","hentry","product_cat-les-mobiles","product_cat-sculptures","product_brand-ekko"],"_links":{"self":[{"href":"https:\/\/www.art-lapetitegalerie.fr\/en\/wp-json\/wp\/v2\/product\/100333","targetHints":{"allow":["GET"]}}],"collection":[{"href":"https:\/\/www.art-lapetitegalerie.fr\/en\/wp-json\/wp\/v2\/product"}],"about":[{"href":"https:\/\/www.art-lapetitegalerie.fr\/en\/wp-json\/wp\/v2\/types\/product"}],"wp:featuredmedia":[{"embeddable":true,"href":"https:\/\/www.art-lapetitegalerie.fr\/en\/wp-json\/wp\/v2\/media\/100334"}],"wp:attachment":[{"href":"https:\/\/www.art-lapetitegalerie.fr\/en\/wp-json\/wp\/v2\/media?parent=100333"}],"wp:term":[{"taxonomy":"product_cat","embeddable":true,"href":"https:\/\/www.art-lapetitegalerie.fr\/en\/wp-json\/wp\/v2\/product_cat?post=100333"},{"taxonomy":"product_tag","embeddable":true,"href":"https:\/\/www.art-lapetitegalerie.fr\/en\/wp-json\/wp\/v2\/product_tag?post=100333"}],"curies":[{"name":"wp","href":"https:\/\/api.w.org\/{rel}","templated":true}]}}