{"id":100121,"date":"2021-06-10T12:58:54","date_gmt":"2021-06-10T10:58:54","guid":{"rendered":"https:\/\/www.art-lapetitegalerie.fr\/?post_type=product&#038;p=100121"},"modified":"2025-12-29T15:15:19","modified_gmt":"2025-12-29T14:15:19","slug":"over-sea-copy","status":"publish","type":"product","link":"https:\/\/www.art-lapetitegalerie.fr\/en\/product\/over-sea-copy\/","title":{"rendered":"Oiseau Rouge S"},"content":{"rendered":"<p><span class=\"Apple-converted-space\">Petite oeuvre sympa et d\u00e9cal\u00e9e de notre artiste Hollandaise Jacqueline Sch\u00e4fer. Toutes ses sculptures sont num\u00e9rot\u00e9es et sign\u00e9es. Nous saluons la grande diversit\u00e9 de sa collection et les\u00a0magnifiques couleurs utilis\u00e9es. Parfait pour se faire plaisir ou pour offrir !<\/span><\/p>\n<p>Dimensions du petit oiseau en r\u00e9sine &#8211; \u00a012 x 14 x 6 cm.<\/p>\n<p><span class=\"Apple-converted-space\">Toutes nos sculptures sont exp\u00e9di\u00e9es en France et dans le monde entier par transporteur sp\u00e9cialis\u00e9.\u00a0<\/span><\/p>\n<p>&nbsp;<\/p>\n","protected":false},"excerpt":{"rendered":"<p><span class=\"Apple-converted-space\">Petite sculpture num\u00e9rot\u00e9e en r\u00e9sine de notre artiste J.Sh\u00e4ffer.<\/span><\/p>\n<p>Dimensions &#8211; \u00a012 x 14 x 6 cm.<\/p>\n<p><span class=\"Apple-converted-space\">Toutes nos sculptures sont exp\u00e9di\u00e9es en France et dans le monde entier par transporteur sp\u00e9cialis\u00e9.\u00a0<\/span><\/p>\n<p>&nbsp;<\/p>\n","protected":false},"featured_media":100122,"template":"","meta":[],"product_cat":[160],"product_tag":[],"class_list":["post-100121","product","type-product","status-publish","has-post-thumbnail","hentry","product_cat-sculptures","product_brand-jacqueline-schafer"],"_links":{"self":[{"href":"https:\/\/www.art-lapetitegalerie.fr\/en\/wp-json\/wp\/v2\/product\/100121","targetHints":{"allow":["GET"]}}],"collection":[{"href":"https:\/\/www.art-lapetitegalerie.fr\/en\/wp-json\/wp\/v2\/product"}],"about":[{"href":"https:\/\/www.art-lapetitegalerie.fr\/en\/wp-json\/wp\/v2\/types\/product"}],"wp:featuredmedia":[{"embeddable":true,"href":"https:\/\/www.art-lapetitegalerie.fr\/en\/wp-json\/wp\/v2\/media\/100122"}],"wp:attachment":[{"href":"https:\/\/www.art-lapetitegalerie.fr\/en\/wp-json\/wp\/v2\/media?parent=100121"}],"wp:term":[{"taxonomy":"product_cat","embeddable":true,"href":"https:\/\/www.art-lapetitegalerie.fr\/en\/wp-json\/wp\/v2\/product_cat?post=100121"},{"taxonomy":"product_tag","embeddable":true,"href":"https:\/\/www.art-lapetitegalerie.fr\/en\/wp-json\/wp\/v2\/product_tag?post=100121"}],"curies":[{"name":"wp","href":"https:\/\/api.w.org\/{rel}","templated":true}]}}